{"id":8864,"date":"2023-03-01T11:04:29","date_gmt":"2023-03-01T10:04:29","guid":{"rendered":"https:\/\/humanic.dk\/sustainability-game-esg-teambuilding\/"},"modified":"2026-01-21T23:00:56","modified_gmt":"2026-01-21T22:00:56","slug":"sustainability-game-esg-teambuilding","status":"publish","type":"page","link":"https:\/\/humanic.dk\/en\/teambuilding\/sustainability-game-esg-teambuilding\/","title":{"rendered":"Sustainability Game &#8211; ESG Teambuilding"},"content":{"rendered":"<div class=\"wpb-content-wrapper\"><p>[vc_row full_width=&#8221;stretch_row&#8221;][vc_column]<div class=\"ult-spacer spacer-69e4db9e1d7e3\" data-id=\"69e4db9e1d7e3\" data-height=\"90\" data-height-mobile=\"60\" data-height-tab=\"90\" data-height-tab-portrait=\"60\" data-height-mobile-landscape=\"60\" style=\"clear:both;display:block;\"><\/div>[vc_column_text]<\/p>\n<h2>Fun sustainability teambuilding with a focus on the green transition<\/h2>\n<p>[\/vc_column_text][vc_empty_space height=&#8221;30px&#8221;][vc_separator color=&#8221;custom&#8221; accent_color=&#8221;rgba(0,0,0,0.1)&#8221;]<div class=\"ult-spacer spacer-69e4db9e1d831\" data-id=\"69e4db9e1d831\" data-height=\"30\" data-height-mobile=\"30\" data-height-tab=\"30\" data-height-tab-portrait=\"30\" data-height-mobile-landscape=\"30\" style=\"clear:both;display:block;\"><\/div>[vc_row_inner][vc_column_inner offset=&#8221;vc_col-lg-8 vc_col-md-8 vc_col-xs-12&#8243;][vc_column_text]<b>The concept is an active and engaging sustainability game with team exercises and communication in focus. The program can be combined with Team Performance workshops or lectures with Humanic Consult, which you can read more about here &#8211;&gt; <a href=\"https:\/\/humanic.dk\/en\/workshops\/\" target=\"_blank\" rel=\"noopener\" data-saferedirecturl=\"https:\/\/www.google.com\/url?q=https:\/\/humanic.dk\/workshops-og-foredrag\/&amp;source=gmail&amp;ust=1683783855965000&amp;usg=AOvVaw3Tlkfn9BxndN1BF2PZWeRQ\">https:\/\/humanic.dk\/workshops- https:\/\/humanic.dk\/workshops-<wbr><\/wbr>og-foredrag\/<\/a> <\/b><strong> <\/strong>[\/vc_column_text][vc_empty_space height=&#8221;30px&#8221;][vc_column_text]<\/p>\n<h4><b>Team building with a focus on sustainability and unity<\/b><\/h4>\n<p>How much food waste do we produce in Denmark and how can we reduce it? What quality seals should we look for when we shop? How can we clean the ocean of plastic through collaboration and communication? What eating habits should we get used to in the future?   <\/p>\n<p>What does sustainability even mean?<\/p>\n<p>These questions and many more will be answered after a fun and challenging day with your colleagues![\/vc_column_text][vc_empty_space height=&#8221;30px&#8221;][vc_column_text]<b>Save forest and win!<\/b><\/p>\n<p>In the Sustainability Game, you compete against teams to save the most square meters of forest.<br \/>\nTogether you will be put to the test as you clean the ocean, fight food waste, answer green transition puzzles and use both logic and imagination as you aim to be the team that does the most for the sustainable transition.<br \/>\nThe fight for a sustainable transition has never been more fun![\/vc_column_text][vc_empty_space height=&#8221;30px&#8221;][vc_column_text]<b>Build the climate trophy and win big<\/b><\/p>\n<p>The course unfolds like a star race and a sea of stations and challenges &#8211; the more stations you reach and the better you solve them, the more square meters of forest your team can collect. You&#8217;ll have to make quick choices and decisions and distribute roles and responsibilities within the team to save as much forest as possible on the way to the final.[\/vc_column_text][vc_empty_space height=&#8221;30px&#8221;][vc_column_text]<\/p>\n<h4><b>The final that decides it all  <\/b><\/h4>\n<p>We end with a final where all teams compete for the climate trophy and where extra square meters of forest are at stake &#8211; this is where the final winning team will be found.<\/p>\n<p>Everyone can join regardless of age and physical condition &#8211; all you need to bring is a good mood and the desire to focus on sustainability and green transition.<\/p>\n<p>We guarantee a fun and inspiring day where our responsibility for a sustainable planet is made clear.[\/vc_column_text][vc_empty_space height=&#8221;50px&#8221;][vc_btn title=&#8221;Send request&#8221; style=&#8221;custom&#8221; custom_background=&#8221;&#8221; custom_text=&#8221;#ffffff&#8221; shape=&#8221;square&#8221; link=&#8221;url:https%3A%2F%2Fhumanic.dk%2Fen%2Fenquiry%2F|title:Enquiry|&#8221; el_class=&#8221;custom-button-red&#8221;]<div class=\"ult-spacer spacer-69e4db9e1d85a\" data-id=\"69e4db9e1d85a\" data-height=\"0\" data-height-mobile=\"30\" data-height-tab=\"0\" data-height-tab-portrait=\"30\" data-height-mobile-landscape=\"30\" style=\"clear:both;display:block;\"><\/div>[\/vc_column_inner][vc_column_inner el_class=&#8221;contact-sidebar&#8221; offset=&#8221;vc_col-lg-4 vc_col-md-4 vc_col-xs-12&#8243; css=&#8221;.vc_custom_1677588523870{padding-top: 30px !important;padding-bottom: 30px !important;}&#8221;][vc_single_image image=&#8221;8447&#8243; img_size=&#8221;full&#8221;][vc_column_text css=&#8221;.vc_custom_1720432719076{padding-top: 15px !important;padding-bottom: 15px !important;}&#8221;]<\/p>\n<h4>Practical info:<\/h4>\n<p>15-500+ people<br \/>\n2 &#8211; 4 hours<br \/>\nThe whole country<\/p>\n<p><em>Available for both indoor and outdoor teambuilding<\/em>[\/vc_column_text][vc_btn title=&#8221;Combine with a party&#8221; style=&#8221;custom&#8221; custom_background=&#8221;&#8221; custom_text=&#8221;#ffffff&#8221; shape=&#8221;square&#8221; link=&#8221;url:https%3A%2F%2Fhumanic.dk%2Fen%2Fcompany-party%2F|title:Company%20party|&#8221; el_class=&#8221;custom-button-red&#8221;][vc_btn title=&#8221;Catalog and prices&#8221; style=&#8221;outline-custom&#8221; outline_custom_color=&#8221;&#8221; outline_custom_hover_background=&#8221;&#8221; outline_custom_hover_text=&#8221;#ffffff&#8221; shape=&#8221;square&#8221; link=&#8221;url:https%3A%2F%2Fhumanic.dk%2Fen%2Fcatalog-and-prices%2F|title:Catalog|&#8221; el_class=&#8221;custom-buttonoutline-red&#8221;][\/vc_column_inner][\/vc_row_inner]<div class=\"ult-spacer spacer-69e4db9e1d883\" data-id=\"69e4db9e1d883\" data-height=\"90\" data-height-mobile=\"60\" data-height-tab=\"90\" data-height-tab-portrait=\"60\" data-height-mobile-landscape=\"60\" style=\"clear:both;display:block;\"><\/div>[\/vc_column][\/vc_row][vc_row full_width=&#8221;stretch_row&#8221; el_class=&#8221;white parallax overlay&#8221; css=&#8221;.vc_custom_1678199444480{background-image: url(https:\/\/humanic.dk\/wp-content\/uploads\/2023\/03\/hannah-busing-zyx1bk9mqma-unsplash-kopi.jpg?id=5558) !important;background-position: center !important;background-repeat: no-repeat !important;background-size: cover !important;}&#8221;][vc_column]<div class=\"ult-spacer spacer-69e4db9e1d8a3\" data-id=\"69e4db9e1d8a3\" data-height=\"135\" data-height-mobile=\"90\" data-height-tab=\"135\" data-height-tab-portrait=\"90\" data-height-mobile-landscape=\"90\" style=\"clear:both;display:block;\"><\/div>[vc_row_inner][vc_column_inner offset=&#8221;vc_col-lg-2 vc_col-md-2 vc_col-xs-12&#8243;][\/vc_column_inner][vc_column_inner offset=&#8221;vc_col-lg-8 vc_col-md-8 vc_col-xs-12&#8243;][vc_column_text]<\/p>\n<h3 style=\"text-align: center;\">Contact us today<\/h3>\n<p style=\"text-align: center;\">We&#8217;re ready to answer any questions you may have that aren&#8217;t answered on this website. So don&#8217;t hesitate to call or write to us. <\/p>\n<p style=\"text-align: center;\"><a class=\"custom-link\" href=\"https:\/\/humanic.dk\/en\/contact-us\/\">Contact us today<\/a><\/p>\n<p>[\/vc_column_text][\/vc_column_inner][vc_column_inner offset=&#8221;vc_col-lg-2 vc_col-md-2 vc_col-xs-12&#8243;][\/vc_column_inner][\/vc_row_inner]<div class=\"ult-spacer spacer-69e4db9e1d8cb\" data-id=\"69e4db9e1d8cb\" data-height=\"135\" data-height-mobile=\"90\" data-height-tab=\"135\" data-height-tab-portrait=\"90\" data-height-mobile-landscape=\"90\" style=\"clear:both;display:block;\"><\/div>[\/vc_column][\/vc_row]<\/p>\n<\/div>","protected":false},"excerpt":{"rendered":"<p>Active ESG teambuilding with a focus on sustainability and green transition<\/p>\n","protected":false},"author":2,"featured_media":8635,"parent":8880,"menu_order":0,"comment_status":"closed","ping_status":"closed","template":"","meta":{"_acf_changed":false,"footnotes":""},"categories":[295],"class_list":{"0":"post-8864","1":"page","2":"type-page","3":"status-publish","4":"has-post-thumbnail","6":"category-teambuilding-en"},"acf":[],"yoast_head":"<!-- This site is optimized with the Yoast SEO plugin v27.2 - https:\/\/yoast.com\/product\/yoast-seo-wordpress\/ -->\n<title>Sustainability Game - ESG Teambuilding &#183; Team day in sustainability<\/title>\n<meta name=\"description\" content=\"Enjoy a day of team building that shakes you up and provides insight and inspiration for sustainable choices and green transition. All over the country.\" \/>\n<meta name=\"robots\" content=\"index, follow, max-snippet:-1, max-image-preview:large, max-video-preview:-1\" \/>\n<link rel=\"canonical\" href=\"https:\/\/humanic.dk\/en\/teambuilding\/sustainability-game-esg-teambuilding\/\" \/>\n<meta property=\"og:locale\" content=\"en_US\" \/>\n<meta property=\"og:type\" content=\"article\" \/>\n<meta property=\"og:title\" content=\"Sustainability Game - ESG Teambuilding &#183; Team day in sustainability\" \/>\n<meta property=\"og:description\" content=\"Enjoy a day of team building that shakes you up and provides insight and inspiration for sustainable choices and green transition. All over the country.\" \/>\n<meta property=\"og:url\" content=\"https:\/\/humanic.dk\/en\/teambuilding\/sustainability-game-esg-teambuilding\/\" \/>\n<meta property=\"og:site_name\" content=\"HUMANIC GROUP\" \/>\n<meta property=\"article:modified_time\" content=\"2026-01-21T22:00:56+00:00\" \/>\n<meta property=\"og:image\" content=\"https:\/\/humanic.dk\/wp-content\/uploads\/2025\/06\/sustainability-teambuilding-new.webp\" \/>\n\t<meta property=\"og:image:width\" content=\"1157\" \/>\n\t<meta property=\"og:image:height\" content=\"753\" \/>\n\t<meta property=\"og:image:type\" content=\"image\/webp\" \/>\n<meta name=\"twitter:card\" content=\"summary_large_image\" \/>\n<meta name=\"twitter:label1\" content=\"Est. reading time\" \/>\n\t<meta name=\"twitter:data1\" content=\"4 minutes\" \/>\n<script type=\"application\/ld+json\" class=\"yoast-schema-graph\">{\"@context\":\"https:\/\/schema.org\",\"@graph\":[{\"@type\":\"WebPage\",\"@id\":\"https:\/\/humanic.dk\/en\/teambuilding\/sustainability-game-esg-teambuilding\/\",\"url\":\"https:\/\/humanic.dk\/en\/teambuilding\/sustainability-game-esg-teambuilding\/\",\"name\":\"Sustainability Game - ESG Teambuilding &#183; Team day in sustainability\",\"isPartOf\":{\"@id\":\"https:\/\/humanic.dk\/en\/#website\"},\"primaryImageOfPage\":{\"@id\":\"https:\/\/humanic.dk\/en\/teambuilding\/sustainability-game-esg-teambuilding\/#primaryimage\"},\"image\":{\"@id\":\"https:\/\/humanic.dk\/en\/teambuilding\/sustainability-game-esg-teambuilding\/#primaryimage\"},\"thumbnailUrl\":\"https:\/\/humanic.dk\/wp-content\/uploads\/2025\/06\/sustainability-teambuilding-new.webp\",\"datePublished\":\"2023-03-01T10:04:29+00:00\",\"dateModified\":\"2026-01-21T22:00:56+00:00\",\"description\":\"Enjoy a day of team building that shakes you up and provides insight and inspiration for sustainable choices and green transition. All over the country.\",\"breadcrumb\":{\"@id\":\"https:\/\/humanic.dk\/en\/teambuilding\/sustainability-game-esg-teambuilding\/#breadcrumb\"},\"inLanguage\":\"en-US\",\"potentialAction\":[{\"@type\":\"ReadAction\",\"target\":[\"https:\/\/humanic.dk\/en\/teambuilding\/sustainability-game-esg-teambuilding\/\"]}]},{\"@type\":\"ImageObject\",\"inLanguage\":\"en-US\",\"@id\":\"https:\/\/humanic.dk\/en\/teambuilding\/sustainability-game-esg-teambuilding\/#primaryimage\",\"url\":\"https:\/\/humanic.dk\/wp-content\/uploads\/2025\/06\/sustainability-teambuilding-new.webp\",\"contentUrl\":\"https:\/\/humanic.dk\/wp-content\/uploads\/2025\/06\/sustainability-teambuilding-new.webp\",\"width\":1157,\"height\":753,\"caption\":\"Teamaktiviteter med fokus p\u00e5 b\u00e6redrygtighed og gr\u00f8n omstilling\"},{\"@type\":\"BreadcrumbList\",\"@id\":\"https:\/\/humanic.dk\/en\/teambuilding\/sustainability-game-esg-teambuilding\/#breadcrumb\",\"itemListElement\":[{\"@type\":\"ListItem\",\"position\":1,\"name\":\"Hjem\",\"item\":\"https:\/\/humanic.dk\/en\/home-page\/\"},{\"@type\":\"ListItem\",\"position\":2,\"name\":\"Teambuilding\",\"item\":\"https:\/\/humanic.dk\/en\/teambuilding\/\"},{\"@type\":\"ListItem\",\"position\":3,\"name\":\"Sustainability Game &#8211; ESG Teambuilding\"}]},{\"@type\":\"WebSite\",\"@id\":\"https:\/\/humanic.dk\/en\/#website\",\"url\":\"https:\/\/humanic.dk\/en\/\",\"name\":\"HUMANIC GROUP\",\"description\":\"Firmaevents, Teambuilding, Workshops, Firmasundhed og Motion - Styrk dit firmas samarbejde og sundhed\",\"publisher\":{\"@id\":\"https:\/\/humanic.dk\/en\/#organization\"},\"potentialAction\":[{\"@type\":\"SearchAction\",\"target\":{\"@type\":\"EntryPoint\",\"urlTemplate\":\"https:\/\/humanic.dk\/en\/?s={search_term_string}\"},\"query-input\":{\"@type\":\"PropertyValueSpecification\",\"valueRequired\":true,\"valueName\":\"search_term_string\"}}],\"inLanguage\":\"en-US\"},{\"@type\":\"Organization\",\"@id\":\"https:\/\/humanic.dk\/en\/#organization\",\"name\":\"HUMANIC GROUP\",\"url\":\"https:\/\/humanic.dk\/en\/\",\"logo\":{\"@type\":\"ImageObject\",\"inLanguage\":\"en-US\",\"@id\":\"https:\/\/humanic.dk\/en\/#\/schema\/logo\/image\/\",\"url\":\"https:\/\/humanic.dk\/wp-content\/uploads\/2023\/03\/human-group.png\",\"contentUrl\":\"https:\/\/humanic.dk\/wp-content\/uploads\/2023\/03\/human-group.png\",\"width\":457,\"height\":159,\"caption\":\"HUMANIC GROUP\"},\"image\":{\"@id\":\"https:\/\/humanic.dk\/en\/#\/schema\/logo\/image\/\"}}]}<\/script>\n<!-- \/ Yoast SEO plugin. -->","yoast_head_json":{"title":"Sustainability Game - ESG Teambuilding &#183; Team day in sustainability","description":"Enjoy a day of team building that shakes you up and provides insight and inspiration for sustainable choices and green transition. All over the country.","robots":{"index":"index","follow":"follow","max-snippet":"max-snippet:-1","max-image-preview":"max-image-preview:large","max-video-preview":"max-video-preview:-1"},"canonical":"https:\/\/humanic.dk\/en\/teambuilding\/sustainability-game-esg-teambuilding\/","og_locale":"en_US","og_type":"article","og_title":"Sustainability Game - ESG Teambuilding &#183; Team day in sustainability","og_description":"Enjoy a day of team building that shakes you up and provides insight and inspiration for sustainable choices and green transition. All over the country.","og_url":"https:\/\/humanic.dk\/en\/teambuilding\/sustainability-game-esg-teambuilding\/","og_site_name":"HUMANIC GROUP","article_modified_time":"2026-01-21T22:00:56+00:00","og_image":[{"width":1157,"height":753,"url":"https:\/\/humanic.dk\/wp-content\/uploads\/2025\/06\/sustainability-teambuilding-new.webp","type":"image\/webp"}],"twitter_card":"summary_large_image","twitter_misc":{"Est. reading time":"4 minutes"},"schema":{"@context":"https:\/\/schema.org","@graph":[{"@type":"WebPage","@id":"https:\/\/humanic.dk\/en\/teambuilding\/sustainability-game-esg-teambuilding\/","url":"https:\/\/humanic.dk\/en\/teambuilding\/sustainability-game-esg-teambuilding\/","name":"Sustainability Game - ESG Teambuilding &#183; Team day in sustainability","isPartOf":{"@id":"https:\/\/humanic.dk\/en\/#website"},"primaryImageOfPage":{"@id":"https:\/\/humanic.dk\/en\/teambuilding\/sustainability-game-esg-teambuilding\/#primaryimage"},"image":{"@id":"https:\/\/humanic.dk\/en\/teambuilding\/sustainability-game-esg-teambuilding\/#primaryimage"},"thumbnailUrl":"https:\/\/humanic.dk\/wp-content\/uploads\/2025\/06\/sustainability-teambuilding-new.webp","datePublished":"2023-03-01T10:04:29+00:00","dateModified":"2026-01-21T22:00:56+00:00","description":"Enjoy a day of team building that shakes you up and provides insight and inspiration for sustainable choices and green transition. All over the country.","breadcrumb":{"@id":"https:\/\/humanic.dk\/en\/teambuilding\/sustainability-game-esg-teambuilding\/#breadcrumb"},"inLanguage":"en-US","potentialAction":[{"@type":"ReadAction","target":["https:\/\/humanic.dk\/en\/teambuilding\/sustainability-game-esg-teambuilding\/"]}]},{"@type":"ImageObject","inLanguage":"en-US","@id":"https:\/\/humanic.dk\/en\/teambuilding\/sustainability-game-esg-teambuilding\/#primaryimage","url":"https:\/\/humanic.dk\/wp-content\/uploads\/2025\/06\/sustainability-teambuilding-new.webp","contentUrl":"https:\/\/humanic.dk\/wp-content\/uploads\/2025\/06\/sustainability-teambuilding-new.webp","width":1157,"height":753,"caption":"Teamaktiviteter med fokus p\u00e5 b\u00e6redrygtighed og gr\u00f8n omstilling"},{"@type":"BreadcrumbList","@id":"https:\/\/humanic.dk\/en\/teambuilding\/sustainability-game-esg-teambuilding\/#breadcrumb","itemListElement":[{"@type":"ListItem","position":1,"name":"Hjem","item":"https:\/\/humanic.dk\/en\/home-page\/"},{"@type":"ListItem","position":2,"name":"Teambuilding","item":"https:\/\/humanic.dk\/en\/teambuilding\/"},{"@type":"ListItem","position":3,"name":"Sustainability Game &#8211; ESG Teambuilding"}]},{"@type":"WebSite","@id":"https:\/\/humanic.dk\/en\/#website","url":"https:\/\/humanic.dk\/en\/","name":"HUMANIC GROUP","description":"Firmaevents, Teambuilding, Workshops, Firmasundhed og Motion - Styrk dit firmas samarbejde og sundhed","publisher":{"@id":"https:\/\/humanic.dk\/en\/#organization"},"potentialAction":[{"@type":"SearchAction","target":{"@type":"EntryPoint","urlTemplate":"https:\/\/humanic.dk\/en\/?s={search_term_string}"},"query-input":{"@type":"PropertyValueSpecification","valueRequired":true,"valueName":"search_term_string"}}],"inLanguage":"en-US"},{"@type":"Organization","@id":"https:\/\/humanic.dk\/en\/#organization","name":"HUMANIC GROUP","url":"https:\/\/humanic.dk\/en\/","logo":{"@type":"ImageObject","inLanguage":"en-US","@id":"https:\/\/humanic.dk\/en\/#\/schema\/logo\/image\/","url":"https:\/\/humanic.dk\/wp-content\/uploads\/2023\/03\/human-group.png","contentUrl":"https:\/\/humanic.dk\/wp-content\/uploads\/2023\/03\/human-group.png","width":457,"height":159,"caption":"HUMANIC GROUP"},"image":{"@id":"https:\/\/humanic.dk\/en\/#\/schema\/logo\/image\/"}}]}},"_links":{"self":[{"href":"https:\/\/humanic.dk\/en\/wp-json\/wp\/v2\/pages\/8864","targetHints":{"allow":["GET"]}}],"collection":[{"href":"https:\/\/humanic.dk\/en\/wp-json\/wp\/v2\/pages"}],"about":[{"href":"https:\/\/humanic.dk\/en\/wp-json\/wp\/v2\/types\/page"}],"author":[{"embeddable":true,"href":"https:\/\/humanic.dk\/en\/wp-json\/wp\/v2\/users\/2"}],"replies":[{"embeddable":true,"href":"https:\/\/humanic.dk\/en\/wp-json\/wp\/v2\/comments?post=8864"}],"version-history":[{"count":6,"href":"https:\/\/humanic.dk\/en\/wp-json\/wp\/v2\/pages\/8864\/revisions"}],"predecessor-version":[{"id":9704,"href":"https:\/\/humanic.dk\/en\/wp-json\/wp\/v2\/pages\/8864\/revisions\/9704"}],"up":[{"embeddable":true,"href":"https:\/\/humanic.dk\/en\/wp-json\/wp\/v2\/pages\/8880"}],"wp:featuredmedia":[{"embeddable":true,"href":"https:\/\/humanic.dk\/en\/wp-json\/wp\/v2\/media\/8635"}],"wp:attachment":[{"href":"https:\/\/humanic.dk\/en\/wp-json\/wp\/v2\/media?parent=8864"}],"wp:term":[{"taxonomy":"category","embeddable":true,"href":"https:\/\/humanic.dk\/en\/wp-json\/wp\/v2\/categories?post=8864"}],"curies":[{"name":"wp","href":"https:\/\/api.w.org\/{rel}","templated":true}]}}